{"id":659,"date":"2021-01-26T22:01:44","date_gmt":"2021-01-26T22:01:44","guid":{"rendered":"https:\/\/henrymanyomagil.com\/bienvenidos\/?page_id=659"},"modified":"2021-01-28T08:42:47","modified_gmt":"2021-01-28T08:42:47","slug":"programacion","status":"publish","type":"page","link":"https:\/\/henrymanyomagil.com\/bienvenidos\/programacion\/","title":{"rendered":"Programaci\u00f3n y Eventos"},"content":{"rendered":"\t\t<div data-elementor-type=\"wp-post\" data-elementor-id=\"659\" class=\"elementor elementor-659\">\n\t\t\t\t\t\t<section class=\"elementor-section elementor-top-section elementor-element elementor-element-588f44e6 elementor-section-height-min-height elementor-section-full_width elementor-section-height-default elementor-section-items-middle\" data-id=\"588f44e6\" data-element_type=\"section\" data-e-type=\"section\" data-settings=\"{&quot;background_background&quot;:&quot;classic&quot;}\">\n\t\t\t\t\t\t<div class=\"elementor-container elementor-column-gap-default\">\n\t\t\t\t\t<div class=\"elementor-column elementor-col-100 elementor-top-column elementor-element elementor-element-12daa360\" data-id=\"12daa360\" data-element_type=\"column\" data-e-type=\"column\">\n\t\t\t<div class=\"elementor-widget-wrap elementor-element-populated\">\n\t\t\t\t\t\t<div class=\"elementor-element elementor-element-6ecf219 elementor-widget elementor-widget-image\" data-id=\"6ecf219\" data-element_type=\"widget\" data-e-type=\"widget\" data-widget_type=\"image.default\">\n\t\t\t\t<div class=\"elementor-widget-container\">\n\t\t\t\t\t\t\t\t\t\t\t\t\t\t\t<img fetchpriority=\"high\" decoding=\"async\" width=\"640\" height=\"642\" src=\"https:\/\/henrymanyomagil.com\/wp-content\/uploads\/2020\/11\/Logo-Modificado-rev-3-4-768x770.png\" class=\"attachment-medium_large size-medium_large wp-image-135\" alt=\"\" srcset=\"https:\/\/henrymanyomagil.com\/wp-content\/uploads\/2020\/11\/Logo-Modificado-rev-3-4-768x770.png 768w, https:\/\/henrymanyomagil.com\/wp-content\/uploads\/2020\/11\/Logo-Modificado-rev-3-4-300x300.png 300w, https:\/\/henrymanyomagil.com\/wp-content\/uploads\/2020\/11\/Logo-Modificado-rev-3-4-1022x1024.png 1022w, https:\/\/henrymanyomagil.com\/wp-content\/uploads\/2020\/11\/Logo-Modificado-rev-3-4-150x150.png 150w, https:\/\/henrymanyomagil.com\/wp-content\/uploads\/2020\/11\/Logo-Modificado-rev-3-4-1533x1536.png 1533w, https:\/\/henrymanyomagil.com\/wp-content\/uploads\/2020\/11\/Logo-Modificado-rev-3-4.png 1774w\" sizes=\"(max-width: 640px) 100vw, 640px\" \/>\t\t\t\t\t\t\t\t\t\t\t\t\t\t\t<\/div>\n\t\t\t\t<\/div>\n\t\t\t\t<div class=\"elementor-element elementor-element-223300e elementor-widget elementor-widget-heading\" data-id=\"223300e\" data-element_type=\"widget\" data-e-type=\"widget\" data-widget_type=\"heading.default\">\n\t\t\t\t<div class=\"elementor-widget-container\">\n\t\t\t\t\t<h2 class=\"elementor-heading-title elementor-size-default\">\u00a1Muy Pronto!<\/h2>\t\t\t\t<\/div>\n\t\t\t\t<\/div>\n\t\t\t\t<div class=\"elementor-element elementor-element-5243232d elementor-widget elementor-widget-text-editor\" data-id=\"5243232d\" data-element_type=\"widget\" data-e-type=\"widget\" data-widget_type=\"text-editor.default\">\n\t\t\t\t<div class=\"elementor-widget-container\">\n\t\t\t\t\t\t\t\t\t<h4 class=\"p1\">La programaci\u00f3n del pr\u00f3ximo evento ser\u00e1 anunciada por medio de nuestro bolet\u00edn.\u00a0<\/h4><h4>\u00a0<\/h4><h4>Suscr\u00edbete aqu\u00ed para m\u00e1s informaci\u00f3n.<\/h4>\t\t\t\t\t\t\t\t<\/div>\n\t\t\t\t<\/div>\n\t\t\t\t<div class=\"elementor-element elementor-element-8a84edf elementor-widget elementor-widget-wpforms\" data-id=\"8a84edf\" data-element_type=\"widget\" data-e-type=\"widget\" data-widget_type=\"wpforms.default\">\n\t\t\t\t<div class=\"elementor-widget-container\">\n\t\t\t\t\t<div class=\"wpforms-container wpforms-container-full\" id=\"wpforms-757\"><form id=\"wpforms-form-757\" class=\"wpforms-validate wpforms-form\" data-formid=\"757\" method=\"post\" enctype=\"multipart\/form-data\" action=\"\/bienvenidos\/wp-json\/wp\/v2\/pages\/659\" data-token=\"4ef25b223ce14926062e7e789c34cfdf\" data-token-time=\"1775945015\"><div class=\"wpforms-head-container\"><div class=\"wpforms-title\">Bolet\u00edn Informativo<\/div><\/div><noscript class=\"wpforms-error-noscript\">Please enable JavaScript in your browser to complete this form.<\/noscript><div class=\"wpforms-field-container\"><div id=\"wpforms-757-field_0-container\" class=\"wpforms-field wpforms-field-name\" data-field-id=\"0\"><label class=\"wpforms-field-label\" for=\"wpforms-757-field_0\">Nombre <span class=\"wpforms-required-label\">*<\/span><\/label><input type=\"text\" id=\"wpforms-757-field_0\" class=\"wpforms-field-medium wpforms-field-required\" name=\"wpforms[fields][0]\" required><\/div><div id=\"wpforms-757-field_1-container\" class=\"wpforms-field wpforms-field-email\" data-field-id=\"1\"><label class=\"wpforms-field-label\" for=\"wpforms-757-field_1\">Correo Electr\u00f3nico <span class=\"wpforms-required-label\">*<\/span><\/label><input type=\"email\" id=\"wpforms-757-field_1\" class=\"wpforms-field-medium wpforms-field-required\" name=\"wpforms[fields][1]\" spellcheck=\"false\" required><\/div><\/div><!-- .wpforms-field-container --><div class=\"wpforms-submit-container\" ><input type=\"hidden\" name=\"wpforms[id]\" value=\"757\"><input type=\"hidden\" name=\"page_title\" value=\"\"><input type=\"hidden\" name=\"page_url\" value=\"https:\/\/henrymanyomagil.com\/bienvenidos\/wp-json\/wp\/v2\/pages\/659\"><input type=\"hidden\" name=\"url_referer\" value=\"\"><button type=\"submit\" name=\"wpforms[submit]\" id=\"wpforms-submit-757\" class=\"wpforms-submit\" data-alt-text=\"Enviando...\" data-submit-text=\"Suscribir\" aria-live=\"assertive\" value=\"wpforms-submit\">Suscribir<\/button><\/div><\/form><\/div>  <!-- .wpforms-container -->\t\t\t\t<\/div>\n\t\t\t\t<\/div>\n\t\t\t\t<div class=\"elementor-element elementor-element-3c92b5c elementor-widget elementor-widget-spacer\" data-id=\"3c92b5c\" data-element_type=\"widget\" data-e-type=\"widget\" data-widget_type=\"spacer.default\">\n\t\t\t\t<div class=\"elementor-widget-container\">\n\t\t\t\t\t\t\t<div class=\"elementor-spacer\">\n\t\t\t<div class=\"elementor-spacer-inner\"><\/div>\n\t\t<\/div>\n\t\t\t\t\t\t<\/div>\n\t\t\t\t<\/div>\n\t\t\t\t<div class=\"elementor-element elementor-element-4f2dda6 elementor-widget-divider--view-line elementor-widget elementor-widget-divider\" data-id=\"4f2dda6\" data-element_type=\"widget\" data-e-type=\"widget\" data-widget_type=\"divider.default\">\n\t\t\t\t<div class=\"elementor-widget-container\">\n\t\t\t\t\t\t\t<div class=\"elementor-divider\">\n\t\t\t<span class=\"elementor-divider-separator\">\n\t\t\t\t\t\t<\/span>\n\t\t<\/div>\n\t\t\t\t\t\t<\/div>\n\t\t\t\t<\/div>\n\t\t\t\t\t<\/div>\n\t\t<\/div>\n\t\t\t\t\t<\/div>\n\t\t<\/section>\n\t\t\t\t<\/div>\n\t\t","protected":false},"excerpt":{"rendered":"<p>\u00a1Muy Pronto! La programaci\u00f3n del pr\u00f3ximo evento ser\u00e1 anunciada por medio de nuestro bolet\u00edn.&nbsp; &nbsp; Suscr\u00edbete aqu\u00ed para m\u00e1s informaci\u00f3n.<\/p>\n","protected":false},"author":1,"featured_media":0,"parent":0,"menu_order":0,"comment_status":"closed","ping_status":"closed","template":"","meta":{"footnotes":""},"class_list":["post-659","page","type-page","status-publish","hentry"],"_links":{"self":[{"href":"https:\/\/henrymanyomagil.com\/bienvenidos\/wp-json\/wp\/v2\/pages\/659","targetHints":{"allow":["GET"]}}],"collection":[{"href":"https:\/\/henrymanyomagil.com\/bienvenidos\/wp-json\/wp\/v2\/pages"}],"about":[{"href":"https:\/\/henrymanyomagil.com\/bienvenidos\/wp-json\/wp\/v2\/types\/page"}],"author":[{"embeddable":true,"href":"https:\/\/henrymanyomagil.com\/bienvenidos\/wp-json\/wp\/v2\/users\/1"}],"replies":[{"embeddable":true,"href":"https:\/\/henrymanyomagil.com\/bienvenidos\/wp-json\/wp\/v2\/comments?post=659"}],"version-history":[{"count":8,"href":"https:\/\/henrymanyomagil.com\/bienvenidos\/wp-json\/wp\/v2\/pages\/659\/revisions"}],"predecessor-version":[{"id":765,"href":"https:\/\/henrymanyomagil.com\/bienvenidos\/wp-json\/wp\/v2\/pages\/659\/revisions\/765"}],"wp:attachment":[{"href":"https:\/\/henrymanyomagil.com\/bienvenidos\/wp-json\/wp\/v2\/media?parent=659"}],"curies":[{"name":"wp","href":"https:\/\/api.w.org\/{rel}","templated":true}]}}